{"id":2,"date":"2016-05-10T03:48:21","date_gmt":"2016-05-10T03:48:21","guid":{"rendered":"http:\/\/pantheisten.de\/?page_id=2"},"modified":"2023-03-04T17:09:57","modified_gmt":"2023-03-04T17:09:57","slug":"sample-page","status":"publish","type":"page","link":"https:\/\/pantheisten.de\/","title":{"rendered":"Pantheismus f\u00fcr Anf\u00e4nger"},"content":{"rendered":"\n<div class=\"wp-block-group alignwide\"><div class=\"wp-block-group__inner-container is-layout-flow wp-block-group-is-layout-flow\"><\/div><\/div>\n\n\n\n<div class=\"wp-block-columns alignwide is-layout-flex wp-container-core-columns-is-layout-1 wp-block-columns-is-layout-flex\">\n<div class=\"wp-block-column intro-text-col is-layout-flow wp-block-column-is-layout-flow\" style=\"flex-basis:66.66%\">\n<h2 class=\"has-text-align-left wp-block-heading\">Pantheismus f\u00fcr Anf\u00e4nger<\/h2>\n\n\n\n<p class=\"has-text-align-left author\">Simon Akstinat \u2014 ISBN: 978-398110257<\/p>\n\n\n\n<h3 class=\"has-text-align-left remove-margin wp-block-heading\">Der kaum bekannte Gottesglaube von Goethe, Einstein und Avatar<\/h3>\n\n\n\n<div class=\"wp-block-group intro-text\"><div class=\"wp-block-group__inner-container is-layout-flow wp-block-group-is-layout-flow\">\n<p class=\"has-text-align-left\">Die \u201eNew York Times\u201c schrieb, dass der Pantheismus die \u201eReligion  Hollywoods\u201c sei. Doch der Pantheismus war dar\u00fcber hinaus auch der  Gottesglaube von Goethe, Einstein, Hermann Hesse, Bismarck, Ben Gurion,  Heinrich Heine, Albert Schweitzer und vielen anderen. <\/p>\n\n\n\n<p class=\"has-text-align-left\"> Warum stellen sich zahlreiche Naturwissenschaftler Gott so anders vor,  als die Kirche ihn beschreibt? Warum der pantheistische Glaube f\u00fcr so  viele kluge Menschen so attraktiv war und wieder ist, erschlie\u00dft sich,  indem wir herausfinden, was dieser Glaube \u00fcberhaupt ist und was er  bedeutet. <\/p>\n\n\n\n<p class=\"has-text-align-left\"> Genau das will dieses Buch kurz und einfach erkl\u00e4ren. Nachdem ich selbst  mehrere Jahre recherchiert habe, hoffe ich nun, dass ich meinen Lesern  den Weg zum Verst\u00e4ndnis des Pantheismus mit diesem Buch abk\u00fcrzen und  erleichtern kann. <\/p>\n<\/div><\/div>\n<\/div>\n\n\n\n<div class=\"wp-block-column is-layout-flow wp-block-column-is-layout-flow\" style=\"flex-basis:33.33%\"><div data-block-name=\"woocommerce\/handpicked-products\" data-columns=\"1\" data-content-visibility=\"{&quot;title&quot;:true,&quot;price&quot;:true,&quot;rating&quot;:false,&quot;button&quot;:true}\" data-products=\"[29]\" class=\"wc-block-grid wp-block-handpicked-products wc-block-handpicked-products has-1-columns has-multiple-rows\"><ul class=\"wc-block-grid__products\"><li class=\"wc-block-grid__product\">\n\t\t\t\t<a href=\"https:\/\/pantheisten.de\/?product=pantheismus-fuer-anfaenger\" class=\"wc-block-grid__product-link\">\n\t\t\t\t\t\n\t\t\t\t\t<div class=\"wc-block-grid__product-image\"><img loading=\"lazy\" decoding=\"async\" width=\"324\" height=\"432\" src=\"https:\/\/pantheisten.de\/wp-content\/uploads\/2020\/09\/pantheismus_fuer_anfaenger_cover-324x432.jpg\" class=\"attachment-woocommerce_thumbnail size-woocommerce_thumbnail\" alt=\"Pantheismus f\u00fcr Anf\u00e4nger\" \/><\/div>\n\t\t\t\t\t<div class=\"wc-block-grid__product-title\">Pantheismus f\u00fcr Anf\u00e4nger<\/div>\n\t\t\t\t<\/a>\n\t\t\t\t<div class=\"wc-block-grid__product-price price\"><span class=\"woocommerce-Price-amount amount\">19,00<span class=\"woocommerce-Price-currencySymbol\">&euro;<\/span><\/span><\/div>\n\t\t\t\t\n\t\t\t\t<div class=\"wp-block-button wc-block-grid__product-add-to-cart\"><a href=\"?add-to-cart=29\" aria-label=\"In den Warenkorb legen: \u201ePantheismus f\u00fcr Anf\u00e4nger\u201c\" data-quantity=\"1\" data-product_id=\"29\" data-product_sku=\"P1\" data-price=\"19\" rel=\"nofollow\" class=\"wp-block-button__link  add_to_cart_button ajax_add_to_cart\">In den Warenkorb<\/a><\/div>\n\t\t\t<\/li><\/ul><\/div><\/div>\n<\/div>\n\n\n\n<hr class=\"wp-block-separator has-css-opacity\"\/>\n\n\n\n<div class=\"wp-block-media-text alignwide quote-image\" style=\"grid-template-columns:22% auto\"><figure class=\"wp-block-media-text__media\"><img loading=\"lazy\" decoding=\"async\" width=\"830\" height=\"1024\" src=\"http:\/\/pantheisten.de\/wp-content\/uploads\/2020\/03\/goethe-830x1024.jpg\" alt=\"\" class=\"wp-image-12 size-full\" srcset=\"https:\/\/pantheisten.de\/wp-content\/uploads\/2020\/03\/goethe-830x1024.jpg 830w, https:\/\/pantheisten.de\/wp-content\/uploads\/2020\/03\/goethe-416x513.jpg 416w, https:\/\/pantheisten.de\/wp-content\/uploads\/2020\/03\/goethe-243x300.jpg 243w, https:\/\/pantheisten.de\/wp-content\/uploads\/2020\/03\/goethe-768x947.jpg 768w, https:\/\/pantheisten.de\/wp-content\/uploads\/2020\/03\/goethe.jpg 1200w\" sizes=\"(max-width: 830px) 100vw, 830px\" \/><\/figure><div class=\"wp-block-media-text__content\">\n<blockquote class=\"wp-block-quote has-text-align-left is-style-large is-layout-flow wp-block-quote-is-layout-flow\">\n<p>Wir sind naturforschend <strong>Pantheisten<\/strong>,<br>dichtend Polytheisten, sittlich Monotheisten.<\/p>\n<cite>Johann Wolfgang von Goethe<\/cite><\/blockquote>\n<\/div><\/div>\n\n\n\n<div style=\"height:100px\" aria-hidden=\"true\" class=\"wp-block-spacer\"><\/div>\n\n\n\n<div class=\"wp-block-media-text alignwide has-media-on-the-right quote-image\" style=\"grid-template-columns:auto 22%\"><div class=\"wp-block-media-text__content\">\n<blockquote class=\"wp-block-quote has-text-align-right is-style-large is-layout-flow wp-block-quote-is-layout-flow\">\n<p>Jene mit tiefem <strong>Gef\u00fchl<\/strong><br>verbundene \u00dcberzeugung<br><strong>von einer \u00fcberlegenen  Vernunft,<\/strong><br>die sich in der erfahrbaren <strong>Welt<\/strong> offenbart,<br>bildet meinen  <strong>Gottesbegriff<\/strong>; man kann ihn<br>also in der \u00fcblichen Ausdrucksweise<br>als  <strong>&#8218;pantheistisch&#8216;<\/strong> bezeichnen.<\/p>\n<cite>Albert Einstein<\/cite><\/blockquote>\n<\/div><figure class=\"wp-block-media-text__media\"><img loading=\"lazy\" decoding=\"async\" width=\"820\" height=\"1024\" src=\"http:\/\/pantheisten.de\/wp-content\/uploads\/2020\/03\/einstein-820x1024.jpg\" alt=\"\" class=\"wp-image-14 size-full\" srcset=\"https:\/\/pantheisten.de\/wp-content\/uploads\/2020\/03\/einstein-820x1024.jpg 820w, https:\/\/pantheisten.de\/wp-content\/uploads\/2020\/03\/einstein-416x519.jpg 416w, https:\/\/pantheisten.de\/wp-content\/uploads\/2020\/03\/einstein-240x300.jpg 240w, https:\/\/pantheisten.de\/wp-content\/uploads\/2020\/03\/einstein-768x959.jpg 768w, https:\/\/pantheisten.de\/wp-content\/uploads\/2020\/03\/einstein-1230x1536.jpg 1230w, https:\/\/pantheisten.de\/wp-content\/uploads\/2020\/03\/einstein.jpg 1538w\" sizes=\"(max-width: 820px) 100vw, 820px\" \/><\/figure><\/div>\n\n\n\n<div style=\"height:100px\" aria-hidden=\"true\" class=\"wp-block-spacer\"><\/div>\n\n\n\n<div class=\"wp-block-media-text alignwide quote-image\" style=\"grid-template-columns:34% auto\"><figure class=\"wp-block-media-text__media\"><img loading=\"lazy\" decoding=\"async\" width=\"652\" height=\"367\" src=\"http:\/\/pantheisten.de\/wp-content\/uploads\/2020\/03\/new-york-times.jpg\" alt=\"\" class=\"wp-image-71 size-full\" srcset=\"https:\/\/pantheisten.de\/wp-content\/uploads\/2020\/03\/new-york-times.jpg 652w, https:\/\/pantheisten.de\/wp-content\/uploads\/2020\/03\/new-york-times-300x169.jpg 300w, https:\/\/pantheisten.de\/wp-content\/uploads\/2020\/03\/new-york-times-416x234.jpg 416w\" sizes=\"(max-width: 652px) 100vw, 652px\" \/><\/figure><div class=\"wp-block-media-text__content\">\n<blockquote class=\"wp-block-quote has-text-align-left is-style-large is-layout-flow wp-block-quote-is-layout-flow\">\n<p>Seit nunmehr einer Generation<br>ist der <strong>Pantheismus<\/strong><br>Hollywoods <strong>Wahlreligion<\/strong>.<\/p>\n<cite>New York Times<\/cite><\/blockquote>\n\n\n\n<p><\/p>\n<\/div><\/div>\n","protected":false},"excerpt":{"rendered":"<p>Pantheismus f\u00fcr Anf\u00e4nger Simon Akstinat \u2014 ISBN: 978-398110257 Der kaum bekannte Gottesglaube von Goethe, Einstein und Avatar Die \u201eNew York Times\u201c schrieb, dass der Pantheismus die \u201eReligion Hollywoods\u201c sei. Doch der Pantheismus war dar\u00fcber hinaus auch der Gottesglaube von Goethe, Einstein, Hermann Hesse, Bismarck, Ben Gurion, Heinrich Heine, Albert Schweitzer und vielen anderen. Warum stellen [&hellip;]<\/p>\n","protected":false},"author":1,"featured_media":0,"parent":0,"menu_order":0,"comment_status":"closed","ping_status":"open","template":"template-homepage.php","meta":{"footnotes":""},"jetpack_sharing_enabled":true,"_links":{"self":[{"href":"https:\/\/pantheisten.de\/index.php?rest_route=\/wp\/v2\/pages\/2"}],"collection":[{"href":"https:\/\/pantheisten.de\/index.php?rest_route=\/wp\/v2\/pages"}],"about":[{"href":"https:\/\/pantheisten.de\/index.php?rest_route=\/wp\/v2\/types\/page"}],"author":[{"embeddable":true,"href":"https:\/\/pantheisten.de\/index.php?rest_route=\/wp\/v2\/users\/1"}],"replies":[{"embeddable":true,"href":"https:\/\/pantheisten.de\/index.php?rest_route=%2Fwp%2Fv2%2Fcomments&post=2"}],"version-history":[{"count":84,"href":"https:\/\/pantheisten.de\/index.php?rest_route=\/wp\/v2\/pages\/2\/revisions"}],"predecessor-version":[{"id":340,"href":"https:\/\/pantheisten.de\/index.php?rest_route=\/wp\/v2\/pages\/2\/revisions\/340"}],"wp:attachment":[{"href":"https:\/\/pantheisten.de\/index.php?rest_route=%2Fwp%2Fv2%2Fmedia&parent=2"}],"curies":[{"name":"wp","href":"https:\/\/api.w.org\/{rel}","templated":true}]}}